{"id":125,"date":"2009-12-28T14:22:57","date_gmt":"2009-12-28T14:22:57","guid":{"rendered":"http:\/\/www.warg.info\/wordpress\/?page_id=125"},"modified":"2024-01-25T09:06:56","modified_gmt":"2024-01-25T09:06:56","slug":"committee","status":"publish","type":"page","link":"https:\/\/warg.dreamhosters.com\/index.php\/committee","title":{"rendered":"Committee"},"content":{"rendered":"\n<figure class=\"wp-block-table\"><table><tbody><tr><th>Role<\/th><th>Name<\/th><th>Callsign<\/th><\/tr><tr><td>Chairman<\/td><td>Garo Molozian<\/td><td>G\u00d8PZA<\/td><\/tr><tr><td>Secretary<\/td><td>Ian Clabon<\/td><td>G\u00d8OFN<\/td><\/tr><tr><td>Treasurer<\/td><td>David Bowman<\/td><td>G0MRF<\/td><\/tr><tr><td>QSL Manager<\/td><td>David Bowman<\/td><td>G\u00d8MRF<\/td><\/tr><tr><td>Training<\/td><td>Colin Peters<\/td><td>M\u00d8DMJ<\/td><\/tr><tr><th><\/th><\/tr><tr><td>Antennas<\/td><td>Kevin Rampton<\/td><td>G1KAW<\/td><\/tr><tr><td>Website &#8211; Technical Advisor<\/td><td>Paul Gibson<\/td><td>M\u00d8TZO<\/td><\/tr><tr><td>Whitton Centre Representative<\/td><td>Jerry Raehse-Felstead<\/td><td>2E\u00d8HAF<\/td><\/tr><tr><td>Publicity<\/td><td>Jonathan Ward<\/td><td>G4HHT<\/td><\/tr><\/tbody><\/table><\/figure>\n","protected":false},"excerpt":{"rendered":"<p>Role Name Callsign Chairman Garo Molozian G\u00d8PZA Secretary Ian Clabon G\u00d8OFN Treasurer David Bowman G0MRF QSL Manager David Bowman G\u00d8MRF Training Colin Peters M\u00d8DMJ Antennas Kevin Rampton G1KAW Website &#8211; Technical Advisor Paul Gibson M\u00d8TZO Whitton Centre Representative Jerry Raehse-Felstead &hellip; <a href=\"https:\/\/warg.dreamhosters.com\/index.php\/committee\">Continue reading <span class=\"meta-nav\">&rarr;<\/span><\/a><\/p>\n","protected":false},"author":3,"featured_media":0,"parent":0,"menu_order":85,"comment_status":"closed","ping_status":"closed","template":"","meta":{"footnotes":""},"class_list":["post-125","page","type-page","status-publish","hentry"],"_links":{"self":[{"href":"https:\/\/warg.dreamhosters.com\/index.php\/wp-json\/wp\/v2\/pages\/125","targetHints":{"allow":["GET"]}}],"collection":[{"href":"https:\/\/warg.dreamhosters.com\/index.php\/wp-json\/wp\/v2\/pages"}],"about":[{"href":"https:\/\/warg.dreamhosters.com\/index.php\/wp-json\/wp\/v2\/types\/page"}],"author":[{"embeddable":true,"href":"https:\/\/warg.dreamhosters.com\/index.php\/wp-json\/wp\/v2\/users\/3"}],"replies":[{"embeddable":true,"href":"https:\/\/warg.dreamhosters.com\/index.php\/wp-json\/wp\/v2\/comments?post=125"}],"version-history":[{"count":25,"href":"https:\/\/warg.dreamhosters.com\/index.php\/wp-json\/wp\/v2\/pages\/125\/revisions"}],"predecessor-version":[{"id":1377,"href":"https:\/\/warg.dreamhosters.com\/index.php\/wp-json\/wp\/v2\/pages\/125\/revisions\/1377"}],"wp:attachment":[{"href":"https:\/\/warg.dreamhosters.com\/index.php\/wp-json\/wp\/v2\/media?parent=125"}],"curies":[{"name":"wp","href":"https:\/\/api.w.org\/{rel}","templated":true}]}}